{"id":7752,"date":"2024-01-09T19:06:22","date_gmt":"2024-01-09T18:06:22","guid":{"rendered":"https:\/\/adria-electronic.hr\/?page_id=7752"},"modified":"2024-01-09T19:25:16","modified_gmt":"2024-01-09T18:25:16","slug":"uporaba-kolacica","status":"publish","type":"page","link":"https:\/\/adria-electronic.hr\/en\/uporaba-kolacica\/","title":{"rendered":"uporaba kolacica"},"content":{"rendered":"\t\t<div data-elementor-type=\"wp-page\" data-elementor-id=\"7752\" class=\"elementor elementor-7752\" data-elementor-post-type=\"page\">\n\t\t\t\t<div class=\"elementor-element elementor-element-0ff141b e-flex e-con-boxed e-con e-parent\" data-id=\"0ff141b\" data-element_type=\"container\" data-e-type=\"container\">\n\t\t\t\t\t<div class=\"e-con-inner\">\n\t\t\t\t<div class=\"elementor-element elementor-element-f0ab7e7 elementor-widget elementor-widget-text-editor\" data-id=\"f0ab7e7\" data-element_type=\"widget\" data-e-type=\"widget\" data-widget_type=\"text-editor.default\">\n\t\t\t\t<div class=\"elementor-widget-container\">\n\t\t\t\t\t\t\t\t\t<h2>KOLA\u010cI\u0106I<\/h2><p>Kola\u010di\u0107e upotrebljavamo kada posjetite na\u0161u internet stranicu www.adria-electronic.hr Postoje \u010detiri glavne vrste kola\u010di\u0107a \u2013 evo kako i za\u0161to ih koristimo.<\/p><p>Nu\u017eni kola\u010di\u0107i \u2013 ovi kola\u010di\u0107i omogu\u0107uju navigaciju internet stranicom www.adria-electronic.hr i kori\u0161tenje njezinih mogu\u0107nosti. Oni ne mogu biti isklju\u010deni.<\/p><p>Analiti\u010dki kola\u010di\u0107i \u2013 ovi kola\u010di\u0107i omogu\u0107uju nam mjerenje i analizu na\u010dina na koji posjetitelji koriste internet stranicu www.adria-electronic.hr, kako bi pobolj\u0161ali njezinu funkcionalnost i va\u0161e korisni\u010dko iskustvo.<\/p><p>Kola\u010di\u0107i preferenci \u2013 kada pregledavate sadr\u017eaj stranice www.adria-electronic.hr, ovi kola\u010di\u0107i zapamtit \u0107e va\u0161e preference (kao \u0161to je va\u0161 jezik ili lokacija), tako da va\u0161e iskustvo mo\u017eemo u\u010diniti ugodnijim.<\/p><p>Koriste\u0107i na\u0161e stranice, pristajete na to da \u0107emo staviti ove vrste kola\u010di\u0107a na va\u0161 ure\u0111aj i pristupiti im kada posjetite stranicu u budu\u0107nosti. Ako \u017eelite izbrisati kola\u010di\u0107e koji su ve\u0107 na va\u0161em ra\u010dunalu, u odjeljku \u201cpomo\u0107\u201d u va\u0161em pregledniku trebali bi biti navedene upute o pronala\u017eenju datoteke ili direktorija koji pohranjuje kola\u010di\u0107e.<\/p><p>Dodatne informacije o kola\u010di\u0107ima mo\u017eete prona\u0107i na\u00a0<a href=\"https:\/\/azop.hr\/uvjeti\/detaljnije\/kolacici-cookies\">https:\/\/azop.hr\/uvjeti\/detaljnije\/kolacici-cookies<\/a>. Napominjemo da, brisanjem ili onemogu\u0107avanjem budu\u0107ih kola\u010di\u0107a, va\u0161e korisni\u010dko iskustvo mo\u017ee biti zahva\u0107eno i mo\u017eda ne\u0107ete mo\u0107i iskoristiti odre\u0111ene funkcije na\u0161e internet stranice www.adria-electronic.hr.<\/p>\t\t\t\t\t\t\t\t<\/div>\n\t\t\t\t<\/div>\n\t\t\t\t\t<\/div>\n\t\t\t\t<\/div>\n\t\t\t\t<\/div>\n\t\t","protected":false},"excerpt":{"rendered":"<p>KOLA\u010cI\u0106I Kola\u010di\u0107e upotrebljavamo kada posjetite na\u0161u internet stranicu www.adria-electronic.hr Postoje \u010detiri glavne vrste kola\u010di\u0107a \u2013 evo kako i za\u0161to ih koristimo. Nu\u017eni kola\u010di\u0107i \u2013 ovi kola\u010di\u0107i omogu\u0107uju navigaciju internet stranicom www.adria-electronic.hr i kori\u0161tenje njezinih mogu\u0107nosti. Oni ne mogu biti isklju\u010deni. Analiti\u010dki kola\u010di\u0107i \u2013 ovi kola\u010di\u0107i omogu\u0107uju nam mjerenje i analizu na\u010dina na koji posjetitelji koriste [&hellip;]<\/p>\n","protected":false},"author":1,"featured_media":0,"parent":0,"menu_order":0,"comment_status":"closed","ping_status":"closed","template":"","meta":{"_seopress_robots_primary_cat":"","_seopress_titles_title":"","_seopress_titles_desc":"","_seopress_robots_index":"","footnotes":""},"class_list":["post-7752","page","type-page","status-publish","hentry"],"_links":{"self":[{"href":"https:\/\/adria-electronic.hr\/en\/wp-json\/wp\/v2\/pages\/7752","targetHints":{"allow":["GET"]}}],"collection":[{"href":"https:\/\/adria-electronic.hr\/en\/wp-json\/wp\/v2\/pages"}],"about":[{"href":"https:\/\/adria-electronic.hr\/en\/wp-json\/wp\/v2\/types\/page"}],"author":[{"embeddable":true,"href":"https:\/\/adria-electronic.hr\/en\/wp-json\/wp\/v2\/users\/1"}],"replies":[{"embeddable":true,"href":"https:\/\/adria-electronic.hr\/en\/wp-json\/wp\/v2\/comments?post=7752"}],"version-history":[{"count":0,"href":"https:\/\/adria-electronic.hr\/en\/wp-json\/wp\/v2\/pages\/7752\/revisions"}],"wp:attachment":[{"href":"https:\/\/adria-electronic.hr\/en\/wp-json\/wp\/v2\/media?parent=7752"}],"curies":[{"name":"wp","href":"https:\/\/api.w.org\/{rel}","templated":true}]}}