{"id":7776,"date":"2024-01-09T19:29:25","date_gmt":"2024-01-09T18:29:25","guid":{"rendered":"https:\/\/adria-electronic.hr\/?page_id=7776"},"modified":"2024-01-09T19:38:00","modified_gmt":"2024-01-09T18:38:00","slug":"pravila-zastite-privatnosti","status":"publish","type":"page","link":"https:\/\/adria-electronic.hr\/en\/pravila-zastite-privatnosti\/","title":{"rendered":"pravila za\u0161tite privatnosti"},"content":{"rendered":"\t\t<div data-elementor-type=\"wp-page\" data-elementor-id=\"7776\" class=\"elementor elementor-7776\" data-elementor-post-type=\"page\">\n\t\t\t\t<div class=\"elementor-element elementor-element-fd35d72 e-con-full e-flex e-con e-parent\" data-id=\"fd35d72\" data-element_type=\"container\" data-e-type=\"container\">\n\t\t<div class=\"elementor-element elementor-element-02e4d2c e-flex e-con-boxed e-con e-child\" data-id=\"02e4d2c\" data-element_type=\"container\" data-e-type=\"container\">\n\t\t\t\t\t<div class=\"e-con-inner\">\n\t\t\t\t<div class=\"elementor-element elementor-element-e62e30f elementor-widget elementor-widget-text-editor\" data-id=\"e62e30f\" data-element_type=\"widget\" data-e-type=\"widget\" data-widget_type=\"text-editor.default\">\n\t\t\t\t<div class=\"elementor-widget-container\">\n\t\t\t\t\t\t\t\t\t<h2>PRAVILA ZA\u0160TITE PRIVATNOSTI<\/h2><p>Tvrtka\u00a0<strong style=\"text-align: var(--text-align); background-color: var( --e-global-color-34cc8cf );\">ADRIA ELECTRONIC d.o.o.,\u00a0<\/strong><span style=\"text-align: var(--text-align); background-color: var( --e-global-color-34cc8cf );\">\u0160etali\u0161te Andrije Ka\u010di\u0107a Mio\u0161i\u0107a 13,\u00a0<\/span><span style=\"text-align: var(--text-align); background-color: var( --e-global-color-34cc8cf );\">51000 Rijeka, Republika Hrvatska,\u00a0<\/span><span style=\"text-align: var(--text-align); background-color: var( --e-global-color-34cc8cf );\">OIB: 37923512390,\u00a0<\/span><span style=\"text-align: var(--text-align); background-color: var( --e-global-color-34cc8cf );\">(dalje u tekstu: \u201eAdria electronic\u201c ili \u201cmi\u201c).<\/span><\/p><h3>1. UVOD<\/h3><p>Pravilima za\u0161tite privatnosti \u017eelimo vam pru\u017eiti informacije o svrhama i uvjetima obrade va\u0161ih osobnih podataka. Na\u0161a pravila opisuju vrstu osobnih podataka koje prikupljamo i obra\u0111ujemo, razloge obrade osobnih podatka, vrijeme \u010duvanja, sigurnosne mjere koje poduzimamo da bi za\u0161titili osobne podatke od zloupotrebe te postupke koje biste trebali slijediti ako imate bilo kakvih pitanja ili zahtjeva u vezi s va\u0161im osobnim podacima.<\/p><h3>2. OSOBNI PODACI KOJE OBRA\u0110UJEMO<\/h3><p>Tijekom va\u0161e posjete na\u0161im web stranicama prikupit \u0107emo osobne podatke koji vas mogu identificirati, direktno ili indirektno. Osobni podaci koje prikupljamo mogu uklju\u010divati:<\/p><p>\u2013 mati\u010dne podatke (ime i prezime);<br \/>\u2013 kontakt podatke (broj telefona, e-mail adresu);<br \/>\u2013 IP adresu i podatke o pona\u0161anju na web stranicama;<\/p><h3>3. SVRHA PRIKUPLJANJA OSOBNIH PODATAKA<\/h3><p>Osobni podaci prikupljaju se u sljede\u0107e svrhe:<\/p><p>\u2013 komunikaciju s klijentima radi odgovora na njihove upite o na\u0161im uslugama (preko na\u0161ih internet stranica, putem maila ili telefonom);<br \/>\u2013 izvr\u0161avanje ugovornog odnosa;<br \/>\u2013 izravnog marketinga na\u0161ih proizvoda;<br \/>\u2013 ispunjavanje na\u0161ih zakonskih obaveza sukladno pozitivnim pravnim propisima Republike Hrvatske.<\/p><h3>4. \u010cUVANJE I BRISANJE VA\u0160IH OSOBNIH PODATAKA<\/h3><p>Va\u0161i osobni podaci \u010duvat \u0107e se u obliku koji vas mo\u017ee identificirati ne du\u017ee nego \u0161to je potrebno za svrhu za koju se obra\u0111uju. Po isteku tog vremena, koji je za odre\u0111ene obrade reguliran zakonom koji nas obvezuju na dulji period \u010duvanja podataka, podaci \u0107e se izbrisati ili u\u010diniti nedostupnima za daljnju obradu.<\/p><h3>5. PRIJENOS PODATAKA TRE\u0106IM STRANAMA<\/h3><p>U slu\u010daju odre\u0111enih obrada podataka, osobni podaci koje nam dajete mogu biti prenijeti ili dani na uvid tre\u0107im stranama. Ni u kojem slu\u010daju va\u0161e osobne podatke ne prodajemo, iznajmljujemo ili predajemo u vlasni\u0161tvo neovla\u0161tenim tre\u0107im stranama.<br \/>Prijenos va\u0161ih osobnih podataka odnosno davanje va\u0161ih osobnih podataka na uvid tre\u0107im stranama izvr\u0161it \u0107emo u sljede\u0107im situacijama:<\/p><p>\u2013 kada smo zaprimili va\u0161u privolu za takav prijenos;<br \/>\u2013 da bismo ispunili ugovorne ili zakonske obaveze.<\/p><p>U slu\u010daju potrebe prijenosa podataka, zbog jednog od gore navedenih razloga, ograni\u010dit \u0107emo podatke koji se prenose na nu\u017eni minimum. Tre\u0107e strane kojima prenosimo va\u0161e podatke obvezale su se \u0161tititi va\u0161e podatke u skladu s va\u017ee\u0107im zakonima i Op\u0107om uredbom o za\u0161titi podataka.<\/p><h3>6. ME\u0110UNARODNI PRIJENOS OSOBNIH PODATAKA<\/h3><p>Va\u0161e osobne podatke prenijet \u0107emo iz Europskog gospodarskog prostora (EEA) u tre\u0107e zemlje, npr. zemlje izvan EEA, isklju\u010divo na temelju primjerenih za\u0161titnih mjera. Prema Europskoj Komisiji, tre\u0107e zemlje koje pru\u017eaju primjerenu razinu za\u0161tite osobnih podataka jesu Andora, Argentina, Kanada (samo ona dru\u0161tva koja su obuhva\u0107ena Zakonom o za\u0161titi osobnih podataka i elektroni\u010dkih dokumenata), \u0160vicarska, Farski otoci, Guernsey, Izrael, Isle of Man, Japan, Jersey, Novi Zeland i Urugvaj. Primatelji iz Sjedinjenih Ameri\u010dkih Dr\u017eava (SAD) mogu biti djelomi\u010dno certificirani temeljem EU-U.S. Privacy Shield na na\u010din da postoje primjerene za\u0161titne mjere za me\u0111unarodni prijenos osobnih podataka. U preostalim slu\u010dajevima osiguravamo potrebne za\u0161titne mjere kroz npr. ugovaranje ugovora za za\u0161titu osobnih podataka usvojenih od strane Europske Komisije (npr. standardne ugovorne klauzule (2010\/87\/EU, 2001\/497\/EC ili 2004\/915\/EC)) ili kroz druge mjere propisane zakonom. Kopija dokumenata i poduzetim mjerama dostupna je na va\u0161 zahtjev.<\/p><h3>7. SIGURNOST OSOBNIH PODATAKA<\/h3><p>Izvan Kruga prepoznaje va\u017enost informacijske sigurnosti, te kontinuirano evaluiramo i nadogra\u0111ujemo na\u0161e tehni\u010dke, fizi\u010dke i organizacijske sigurnosne mjere i procedure. Va\u0161im podacima koji se obra\u0111uju u na\u0161im sustavima pristupaju samo ovla\u0161teni djelatnici u skladu s potrebama poslovnih procesa koji zahtijevaju pojedinu obrada te u posebno reguliranim slu\u010dajevima, tre\u0107e strane, koje su obvezale \u0161tititi va\u0161e osobne podatke u skladu s va\u017ee\u0107im zakonima i uredbama o za\u0161titi osobnih podataka. Svi na\u0161i djelatnici educirani su o na\u010dinu postupanja s osobnim podacima u skladu sa zakonskim odredbama.<\/p><h3>8. PRAVO NA PRISTUP VA\u0160IM OSOBNIM PODACIMA, ISPRAVAK ILI BRISANJE<\/h3><p>U bilo kojem trenutku mo\u017eete zatra\u017eiti informacije o tome obra\u0111uju li se va\u0161i osobni podaci te ako se takvi osobni podaci obra\u0111uju, imate pravo pristupa tim osobnim podacima. Tako\u0111er imate pravo zatra\u017eiti informacije o svrsi obrade, primateljima podataka, kao i entitetima kojima prenosimo va\u0161e osobne podatke.<br \/>Osim toga, imate pravo od nas tra\u017eiti ispravak i dopunu neto\u010dnih i\/ili nepotpunih osobnih podataka. Tako\u0111er, imate pravo tra\u017eiti brisanje osobnih podataka koji se na vas odnose. Mi \u0107emo obrisati va\u0161e osobne podatke bez nepotrebnog odga\u0111anja ukoliko:<\/p><p>\u2013 osobni podaci vi\u0161e nisu nu\u017eni u odnosu na svrhe za koje su prikupljeni ili na drugi na\u010din obra\u0111eni;<br \/>\u2013 povu\u010dete privolu za obradu podataka i ako ne postoji druga pravna osnova za obradu;<br \/>\u2013 ulo\u017eite prigovor na obradu;<br \/>\u2013 su osobni podaci nezakonito obra\u0111eni;<br \/>\u2013 je to potrebno radi postupanja sukladno zakonskim propisima Europske Unije ili dr\u017eave \u010dlanice.<\/p><p>Zahtjev za pristup osobnim podacima mo\u017eete podnijeti:<\/p><p>\u2013 putem e-maila na adresu info@adria-electronic.hr<br \/>\u2013 u tiskanom obliku na adresu:\u00a0<span style=\"text-align: var(--text-align); background-color: var( --e-global-color-34cc8cf );\">ADRIA ELECTRONIC d.o.o.,\u00a0<\/span><span style=\"text-align: var(--text-align); background-color: var( --e-global-color-34cc8cf );\">\u0160etali\u0161te Andrije Ka\u010di\u0107a Mio\u0161i\u0107a 13, 51000 Rijeka<\/span><\/p><p>Pristup osobnim podacima ne mo\u017eemo omogu\u0107iti putem telefonskog razgovora. Tako\u0111er, bez utvr\u0111ivanja identiteta pojedinca, zahtjev za pristup osobnih podacima ne\u0107emo biti u mogu\u0107nosti ispuniti.<\/p><p>Za sva pitanja u vezi za\u0161tite osobnih podataka slobodno nas kontaktirajte na:\u00a0<span style=\"text-align: var(--text-align); background-color: var( --e-global-color-34cc8cf );\">ADRIA ELECTRONIC d.o.o., \u0160etali\u0161te Andrije Ka\u010di\u0107a Mio\u0161i\u0107a 13, 51000 Rijeka<\/span><\/p><h3>9. PRAVO NA OGRANI\u010cENJE OBRADE<\/h3><p>Imate pravo od nas ishoditi ograni\u010denje obrade ako je ispunjen jedan od sljede\u0107ih uvjeta:<\/p><p>\u2013 osporavate to\u010dnost osobnih podataka, na razdoblje u kojem nam je omogu\u0107eno provjeriti to\u010dnost osobnih podataka;<br \/>\u2013 obrada je nezakonita a vi se protivite brisanju osobnih podataka te umjesto toga tra\u017eite ograni\u010denje njihove uporabe;<br \/>\u2013 vi\u0161e ne trebamo va\u0161e osobne podatke za potrebe obrade, ali ih vi tra\u017ei radi postavljanja, ostvarivanja ili obrane pravnih zahtjeva;<br \/>\u2013 vi ulo\u017eite prigovor na obradu o\u010dekuju\u0107i potvrdu nadilaze li na\u0161i legitimni razlozi va\u0161e razloge.<\/p><h3>10. PRAVO NA PRIJENOS<\/h3><p>Imate pravo zaprimiti va\u0161e osobne podatke kao i pravo neometanog preno\u0161enja tih podatka od nas na drugog voditelja obrade, ukoliko je to tehni\u010dki izvedivo.<\/p><h3>11. OBAVJE\u0160\u0106IVANJE U SLU\u010cAJU POVREDE OSOBNIH PODATAKA<\/h3><p>U slu\u010daju povrede osobnih podataka koje \u0107e vjerojatno prouzro\u010diti visok rizik za va\u0161a prava i slobode, mi \u0107emo vas bez nepotrebnog odga\u0111anja, na jasan i jednostavan na\u010din, obavijestiti o povredi osobnih podataka. Obavijest o povredi sadr\u017eavat \u0107e minimalno:<\/p><p>\u2013 ime i kontakt podatke slu\u017ebenika za za\u0161titu podataka ili druge kontaktne to\u010dke od koje se mo\u017ee dobiti jo\u0161 informacija;<br \/>\u2013 opis vjerojatnih posljedica povrede osobnih podataka;<br \/>\u2013 opis mjere koje smo poduzeli ili predlo\u017eili poduzeti za rje\u0161avanje problema povrede osobnih podataka; uklju\u010duju\u0107i prema potrebi mjere umanjivanja njezinih mogu\u0107ih \u0161tetnih posljedica.<\/p><h3>12. PRAVO POVU\u0106I PRIVOLU<\/h3><p>Ukoliko ste nam za obradu va\u0161ih osobnih podataka dali privolu, ovim vas putem obavje\u0161tavamo da istu imate pravo u bilo kojem trenutku povu\u0107i. Povla\u010denje privole ne\u0107e dovesti u pitanje zakonitost obrade koja se temeljila na toj privoli prije nego \u0161to je ona povu\u010dena.<\/p><h3>13. AUTOMATIZIRANO DONO\u0160ENJE ODLUKE<\/h3><p>Imate pravo ulo\u017eiti prigovor protiv odluke koja se temelji isklju\u010divo na automatiziranoj obradi, uklju\u010duju\u0107i izradu profila, a koja odluka proizvodi pravne u\u010dinke koji se odnose na vas ili na sli\u010dan na\u010din zna\u010dajno utje\u010de na vas.<\/p><h3>14. ZAHTJEV U SVRHU OSTVARIVANJA PRAVA<\/h3><p>Na va\u0161 zahtjev, pru\u017eit \u0107emo vam sve informacije vezane uz gore navedena prava ispitanika na za\u0161titu osobnih podataka, u roku od mjesec dana od zaprimanja zahtjeva. U slu\u010daju velikog broja podnesenih zahtjeva i\/ili slo\u017eenosti istih, mo\u017eemo produljiti rok za odgovor za dodatna dva mjeseca, o \u010demu \u0107ete odmah biti obavije\u0161teni uz navo\u0111enje razloga za odgodu.<br \/>U slu\u010daju ne postupanja po va\u0161em zahtjevu, bez odga\u0111anja i najkasnije u roku jednog mjeseca od primitka zahtjeva izvijestiti \u0107emo vas o razlozima zbog kojih nismo postupili po va\u0161em zahtjevu i o mogu\u0107nosti podno\u0161enja pritu\u017ebe nadzornom tijelu (Agenciji za za\u0161titu osobnih podataka).<\/p>\t\t\t\t\t\t\t\t<\/div>\n\t\t\t\t<\/div>\n\t\t\t\t\t<\/div>\n\t\t\t\t<\/div>\n\t\t\t\t<\/div>\n\t\t\t\t<\/div>\n\t\t","protected":false},"excerpt":{"rendered":"<p>PRAVILA ZA\u0160TITE PRIVATNOSTI Tvrtka\u00a0ADRIA ELECTRONIC d.o.o.,\u00a0\u0160etali\u0161te Andrije Ka\u010di\u0107a Mio\u0161i\u0107a 13,\u00a051000 Rijeka, Republika Hrvatska,\u00a0OIB: 37923512390,\u00a0(dalje u tekstu: \u201eAdria electronic\u201c ili \u201cmi\u201c). 1. UVOD Pravilima za\u0161tite privatnosti \u017eelimo vam pru\u017eiti informacije o svrhama i uvjetima obrade va\u0161ih osobnih podataka. Na\u0161a pravila opisuju vrstu osobnih podataka koje prikupljamo i obra\u0111ujemo, razloge obrade osobnih podatka, vrijeme \u010duvanja, sigurnosne mjere [&hellip;]<\/p>\n","protected":false},"author":1,"featured_media":0,"parent":0,"menu_order":0,"comment_status":"closed","ping_status":"closed","template":"","meta":{"_seopress_robots_primary_cat":"","_seopress_titles_title":"","_seopress_titles_desc":"","_seopress_robots_index":"","footnotes":""},"class_list":["post-7776","page","type-page","status-publish","hentry"],"_links":{"self":[{"href":"https:\/\/adria-electronic.hr\/en\/wp-json\/wp\/v2\/pages\/7776","targetHints":{"allow":["GET"]}}],"collection":[{"href":"https:\/\/adria-electronic.hr\/en\/wp-json\/wp\/v2\/pages"}],"about":[{"href":"https:\/\/adria-electronic.hr\/en\/wp-json\/wp\/v2\/types\/page"}],"author":[{"embeddable":true,"href":"https:\/\/adria-electronic.hr\/en\/wp-json\/wp\/v2\/users\/1"}],"replies":[{"embeddable":true,"href":"https:\/\/adria-electronic.hr\/en\/wp-json\/wp\/v2\/comments?post=7776"}],"version-history":[{"count":0,"href":"https:\/\/adria-electronic.hr\/en\/wp-json\/wp\/v2\/pages\/7776\/revisions"}],"wp:attachment":[{"href":"https:\/\/adria-electronic.hr\/en\/wp-json\/wp\/v2\/media?parent=7776"}],"curies":[{"name":"wp","href":"https:\/\/api.w.org\/{rel}","templated":true}]}}